{"id":258,"date":"2025-04-12T13:37:38","date_gmt":"2025-04-12T11:37:38","guid":{"rendered":"https:\/\/demo-essentiel5.webconfig.fr\/?page_id=258"},"modified":"2025-06-06T15:01:56","modified_gmt":"2025-06-06T13:01:56","slug":"mentions-legales","status":"publish","type":"page","link":"https:\/\/demo-essentiel5.webconfig.fr\/index.php\/mentions-legales\/","title":{"rendered":"Mentions l\u00e9gales"},"content":{"rendered":"\n<div class=\"wp-block-stackable-heading stk-block-heading stk-block-heading--v2 stk-block stk-5588021\" id=\"mentions-legales\" data-block-id=\"5588021\"><style>.stk-5588021 {padding-top:80px !important;}<\/style><h2 class=\"stk-block-heading__text\">Mentions l\u00e9gales<\/h2><\/div>\n\n\n\n<div class=\"wp-block-stackable-text stk-block-text stk-block stk-4cb6f8c\" data-block-id=\"4cb6f8c\"><p class=\"stk-block-text__text has-text-align-justify\"><strong>En vigueur&nbsp;<\/strong>\u00e0 compter du 12\/03\/2025<\/p><\/div>\n\n\n\n<h3 class=\"wp-block-heading\"><strong>Article 1 : \u00c9diteur<\/strong><\/h3>\n\n\n\n<p>Conform\u00e9ment aux dispositions des Articles 6-III et 19 de la Loi n\u00b02004-575 du 21 juin 2004 pour la Confiance dans l\u2019\u00e9conomie num\u00e9rique, dite L.C.E.N., les pr\u00e9sentes mentions l\u00e9gales informent les utilisateurs du site :<\/p>\n\n\n<p>[site_url]<\/p>\n\n\n\n<p>La connexion et la navigation sur le site par l\u2019utilisateur impliquent l\u2019acceptation int\u00e9grale et sans r\u00e9serve des pr\u00e9sentes mentions l\u00e9gales, accessibles sur le site \u00e0 la rubrique \u00ab Mentions l\u00e9gales \u00bb.<\/p>\n\n\n\n<h3 class=\"wp-block-heading\"><strong>Article 2 : H\u00e9bergeur<\/strong><\/h3>\n\n\n\n<p>L\u2019\u00e9dition et la direction de la publication du site :<\/p>\n\n\n<p>[site_url]<\/p>\n\n\n\n<p>sont assur\u00e9es par Olivia GIRARD \u2013 756 route de Gordes 84220 Cabri\u00e8res d\u2019Avignon, dont le num\u00e9ro de t\u00e9l\u00e9phone est 0604187987, et l\u2019adresse e-mail <a href=\"mailto:contact@webconfig.fr\">contact@webconfig.fr<\/a>.<\/p>\n\n\n\n<p><strong>Olivia GIRARD<\/strong><br>Auto-entrepreneur immatricul\u00e9 sous le SIRET :&nbsp;<strong>908 807 134 00022<\/strong><br>Non assujetti \u00e0 la TVA \u2013 TVA non applicable, art. 293 B du CGI.<\/p>\n\n\n\n<p>L\u2019h\u00e9bergeur du site :<\/p>\n\n\n<p>[site_url]<\/p>\n\n\n\n<p>est assur\u00e9 par la soci\u00e9t\u00e9 o2switch, situ\u00e9e au 222 Bd Gustave Flaubert, 63000 Clermont-Ferrand.<\/p>\n\n\n\n<h3 class=\"wp-block-heading\"><strong>Article 3 : Acc\u00e8s au Site<\/strong><\/h3>\n\n\n\n<p>Le site est accessible par tout endroit, 7j\/7, 24h\/24 sauf cas de force majeure, interruption programm\u00e9e ou non et pouvant d\u00e9couler d\u2019une n\u00e9cessit\u00e9 de maintenance.<\/p>\n\n\n\n<p>En cas de modification, interruption ou suspension des services, le site<\/p>\n\n\n<p>[site_url]<\/p>\n\n\n\n<p>ne saurait \u00eatre tenu responsable.<\/p>\n\n\n\n<h3 class=\"wp-block-heading\"><strong>Article 4 : Collecte des donn\u00e9es<\/strong><\/h3>\n\n\n\n<p>Le site assure \u00e0 l\u2019Utilisateur une collecte et un traitement d\u2019informations personnelles dans le respect de la vie priv\u00e9e conform\u00e9ment \u00e0 la loi n\u00b078-17 du 6 janvier 1978 relative \u00e0 l\u2019informatique, aux fichiers et aux libert\u00e9s.<\/p>\n\n\n\n<p>En vertu de la loi Informatique et Libert\u00e9s, en date du 6 janvier 1978, l\u2019Utilisateur dispose d\u2019un droit d\u2019acc\u00e8s, de rectification, de suppression et d\u2019opposition de ses donn\u00e9es personnelles. L\u2019Utilisateur exerce ce droit :<\/p>\n\n\n\n<ul class=\"wp-block-list\">\n<li>par mail \u00e0 l\u2019adresse mail <a href=\"mailto:contact@webconfig.fr\">contact@webconfig.fr<\/a>,<\/li>\n\n\n\n<li>par voie postale \u00e0 Olivia GIRARD \u2013 756 ancienne route de Gordes, 84220 Cabri\u00e8res d&rsquo;Avignon.<\/li>\n<\/ul>\n\n\n\n<h3 class=\"wp-block-heading\"><strong>Article 5 : Cookies<\/strong><\/h3>\n\n\n\n<p>L\u2019utilisateur est inform\u00e9 que lors de ses visites sur le site, un cookie peut s\u2019installer automatiquement sur son logiciel de navigation.<\/p>\n\n\n\n<p>En naviguant sur le site, il les accepte.<\/p>\n\n\n\n<p>Un cookie est un \u00e9l\u00e9ment qui ne permet pas d\u2019identifier l\u2019utilisateur mais sert \u00e0 enregistrer des informations relatives \u00e0 la navigation de celui-ci sur le site Internet. L\u2019Utilisateur pourra d\u00e9sactiver ce cookie par l\u2019interm\u00e9diaire des param\u00e8tres figurant au sein de son logiciel de navigation.<\/p>\n\n\n\n<h3 class=\"wp-block-heading\"><strong>Article 6 : Propri\u00e9t\u00e9 intellectuelle<\/strong><\/h3>\n\n\n\n<p>Toute utilisation, reproduction, diffusion, commercialisation, modification de toute ou partie du site<\/p>\n\n\n<p>[site_url]<\/p>\n\n\n\n<p>sans autorisation de l\u2019\u00c9diteur est prohib\u00e9e et pourra entra\u00eener des actions et poursuites judiciaires telles que notamment pr\u00e9vues par le Code de la propri\u00e9t\u00e9 intellectuelle et le Code civil.<\/p>\n\n\n\n<p>Pour plus d\u2019informations, se reporter aux CGV du site <a href=\"http:\/\/www.webconfig.fr\">www.webconfig.fr<\/a> accessibles \u00e0 la rubrique \u00ab CGV \u00bb.<\/p>\n\n\n\n<p><\/p>\n","protected":false},"excerpt":{"rendered":"<p>Mentions l\u00e9gales En vigueur&nbsp;\u00e0 compter du 12\/03\/2025 Article 1 : \u00c9diteur Conform\u00e9ment aux dispositions des Articles 6-III et 19 de la Loi n\u00b02004-575 du 21 juin 2004 pour la Confiance dans l\u2019\u00e9conomie num\u00e9rique, dite L.C.E.N., les pr\u00e9sentes mentions l\u00e9gales informent les utilisateurs du site : La connexion et la navigation sur le site par l\u2019utilisateur&#8230;<\/p>\n","protected":false},"author":1,"featured_media":0,"parent":0,"menu_order":0,"comment_status":"closed","ping_status":"closed","template":"","meta":{"_kad_post_transparent":"","_kad_post_title":"","_kad_post_layout":"","_kad_post_sidebar_id":"","_kad_post_content_style":"","_kad_post_vertical_padding":"","_kad_post_feature":"","_kad_post_feature_position":"","_kad_post_header":false,"_kad_post_footer":false,"_kad_post_classname":"","footnotes":""},"class_list":["post-258","page","type-page","status-publish","hentry"],"_links":{"self":[{"href":"https:\/\/demo-essentiel5.webconfig.fr\/index.php\/wp-json\/wp\/v2\/pages\/258","targetHints":{"allow":["GET"]}}],"collection":[{"href":"https:\/\/demo-essentiel5.webconfig.fr\/index.php\/wp-json\/wp\/v2\/pages"}],"about":[{"href":"https:\/\/demo-essentiel5.webconfig.fr\/index.php\/wp-json\/wp\/v2\/types\/page"}],"author":[{"embeddable":true,"href":"https:\/\/demo-essentiel5.webconfig.fr\/index.php\/wp-json\/wp\/v2\/users\/1"}],"replies":[{"embeddable":true,"href":"https:\/\/demo-essentiel5.webconfig.fr\/index.php\/wp-json\/wp\/v2\/comments?post=258"}],"version-history":[{"count":6,"href":"https:\/\/demo-essentiel5.webconfig.fr\/index.php\/wp-json\/wp\/v2\/pages\/258\/revisions"}],"predecessor-version":[{"id":451,"href":"https:\/\/demo-essentiel5.webconfig.fr\/index.php\/wp-json\/wp\/v2\/pages\/258\/revisions\/451"}],"wp:attachment":[{"href":"https:\/\/demo-essentiel5.webconfig.fr\/index.php\/wp-json\/wp\/v2\/media?parent=258"}],"curies":[{"name":"wp","href":"https:\/\/api.w.org\/{rel}","templated":true}]}}